{"id":2107,"date":"2023-06-01T15:04:27","date_gmt":"2023-06-01T15:04:27","guid":{"rendered":"https:\/\/ecommerce-office.com\/?page_id=2107"},"modified":"2023-06-01T15:04:27","modified_gmt":"2023-06-01T15:04:27","slug":"projektanfrage","status":"publish","type":"page","link":"https:\/\/ecommerce-office.com\/en\/project-inquiry\/","title":{"rendered":"Project request"},"content":{"rendered":"<div class=\"frm_forms  with_frm_style frm_style_formidable-style frm_full_submit\" id=\"frm_form_2_container\" data-token=\"98021019c59166201d51b92ba096206b\">\n<form enctype=\"multipart\/form-data\" method=\"post\" class=\"frm-show-form  frm_js_validate  frm_pro_form  frm_ajax_submit\" id=\"form_beratungsanfrage\"  data-token=\"98021019c59166201d51b92ba096206b\" action=\"\">\n<div class=\"frm_form_fields  frm_page_num_1\">\n<fieldset>\n<legend class=\"frm_screen_reader\">Consultation request<\/legend>\r\n<h3 class=\"frm_form_title\">Consultation request<\/h3>\r\n<div class=\"frm_description\"><p>Thank you for your interest in EcommerceOffice. We are committed to providing you with customized solutions that meet your specific needs. Please take a moment to fill out the form below. Your answers will help us to better understand your needs and find the right expert for your JTL Wawi project.<\/p>\n<\/div><div class=\"frm_fields_container\">\n<div class=\"frm_rootline_group\"><ul class=\"frm_page_bar frm_rootline_3 frm_progress frm_progress_line  frm_show_lines\"><li class=\"frm_rootline_single frm_current_page\"><input type=\"button\" value=\"1\" data-page=\"\" class=\"frm_page_1\" disabled=\"disabled\" data-field=\"0\" aria-label=\"Page 1\"  \/><\/li><li class=\"frm_rootline_single\"><input type=\"button\" value=\"2\" data-page=\"14\" class=\"frm_page_skip frm_page_2\" data-field=\"56\" aria-label=\"Next\"  \/><\/li><li class=\"frm_rootline_single\"><input type=\"button\" value=\"3\" data-page=\"27\" class=\"frm_page_skip frm_page_3\" data-field=\"58\" aria-label=\"Next\"  \/><\/li><\/ul><div class=\"frm_percent_complete\">0% Complete<\/div><div class=\"frm_pages_complete\">1 of 3<\/div><div class=\"frm_clearfix\"><\/div><\/div><input type=\"hidden\" name=\"frm_action\" value=\"create\" \/>\n<input type=\"hidden\" name=\"form_id\" value=\"2\" \/>\n<input type=\"hidden\" name=\"frm_hide_fields_2\" id=\"frm_hide_fields_2\" value=\"\" \/>\n<input type=\"hidden\" name=\"form_key\" value=\"beratungsanfrage\" \/>\n<input type=\"hidden\" name=\"item_meta[0]\" value=\"\" \/>\n<input type=\"hidden\" id=\"frm_submit_entry_2\" name=\"frm_submit_entry_2\" value=\"9173d54d1a\" \/><input type=\"hidden\" name=\"_wp_http_referer\" value=\"\/en\/wp-json\/wp\/v2\/pages\/2107\" \/><div id=\"frm_field_8_container\" class=\"frm_form_field frm_section_heading form-field\">\r\n<h3 class=\"frm_pos_top\">Let us begin: Introduce yourself and your company<\/h3>\r\n<div id=\"frm_desc_field_2cngf\" class=\"frm_description frm_section_spacing\">General information<\/div>\r\n\r\n<div id=\"frm_field_9_container\" class=\"frm_form_field form-field  frm_required_field frm_top_container frm6 frm_first\">\r\n    <label for=\"field_a3gqd\" id=\"field_a3gqd_label\" class=\"frm_primary_label\">First name\r\n        <span class=\"frm_required\">*<\/span>\r\n    <\/label>\r\n    <input type=\"text\" id=\"field_a3gqd\" name=\"item_meta[9]\" value=\"\"  data-sectionid=\"8\" data-reqmsg=\"Dieses Feld darf nicht leer sein.\" aria-required=\"true\" data-invmsg=\"Text is invalid\" aria-invalid=\"false\"  \/>\r\n    \r\n    \r\n<\/div>\n<div id=\"frm_field_10_container\" class=\"frm_form_field form-field  frm_required_field frm_top_container frm6\">\r\n    <label for=\"field_b8kw4\" id=\"field_b8kw4_label\" class=\"frm_primary_label\">Surname\r\n        <span class=\"frm_required\">*<\/span>\r\n    <\/label>\r\n    <input type=\"text\" id=\"field_b8kw4\" name=\"item_meta[10]\" value=\"\"  data-sectionid=\"8\" data-reqmsg=\"Dieses Feld darf nicht leer sein.\" aria-required=\"true\" data-invmsg=\"Text is invalid\" aria-invalid=\"false\"  \/>\r\n    \r\n    \r\n<\/div>\n<div id=\"frm_field_11_container\" class=\"frm_form_field form-field  frm_required_field frm_top_container frm12 frm_first\">\r\n    <label for=\"field_xbfm1\" id=\"field_xbfm1_label\" class=\"frm_primary_label\">Email\r\n        <span class=\"frm_required\">*<\/span>\r\n    <\/label>\r\n    <input type=\"email\" id=\"field_xbfm1\" name=\"item_meta[11]\" value=\"\"  data-sectionid=\"8\" data-reqmsg=\"Dieses Feld darf nicht leer sein.\" aria-required=\"true\" data-invmsg=\"Email is invalid\" aria-invalid=\"false\"  \/>\r\n    \r\n    \r\n<\/div>\n<div id=\"frm_field_12_container\" class=\"frm_form_field form-field  frm_required_field frm_top_container frm12 frm_first\">\r\n    <label for=\"field_zk2xf\" id=\"field_zk2xf_label\" class=\"frm_primary_label\">Phone number\r\n        <span class=\"frm_required\">*<\/span>\r\n    <\/label>\r\n    <input type=\"tel\" id=\"field_zk2xf\" name=\"item_meta[12]\" value=\"\"  data-sectionid=\"8\" data-reqmsg=\"Dieses Feld darf nicht leer sein.\" aria-required=\"true\" data-invmsg=\"Phone is invalid\" aria-invalid=\"false\" pattern=\"((\\+\\d{1,3}(-|.| )?\\(?\\d\\)?(-| |.)?\\d{1,5})|(\\(?\\d{2,6}\\)?))(-|.| )?(\\d{3,4})(-|.| )?(\\d{4})(( x| ext)\\d{1,5}){0,1}$\"  \/>\r\n    \r\n    \r\n<\/div>\n<div id=\"frm_field_49_container\" class=\"frm_form_field form-field  frm_top_container frm12 frm_first\">\r\n    <label for=\"field_vd6p2\" id=\"field_vd6p2_label\" class=\"frm_primary_label\">Website\r\n        <span class=\"frm_required\" aria-hidden=\"true\"><\/span>\r\n    <\/label>\r\n    <input type=\"url\" id=\"field_vd6p2\" name=\"item_meta[49]\" value=\"\"  data-sectionid=\"8\" data-invmsg=\"Website\/URL ist ung\u00fcltig\" aria-invalid=\"false\"  \/>\r\n    \r\n    \r\n<\/div>\n<\/div>\n<input type=\"hidden\" name=\"frm_page_order_2\" id=\"frm_page_order_2\" value=\"14\" \/><input type=\"hidden\" name=\"item_meta[15]\" id=\"field_3rl9v\" value=\"\"  data-invmsg=\"Erz\u00e4hlen Sie uns \u00fcber Ihre Situation: Schildern Sie Ihre aktuellen Herausforderungen und zuk\u00fcnftigen Ambitionen is invalid\"   \/>\n<input type=\"hidden\" name=\"item_meta[19]\" id=\"field_bmk9b\" value=\"\"  data-sectionid=\"15\" data-reqmsg=\"Dieses Feld darf nicht leer sein.\" aria-required=\"true\" data-invmsg=\"Beschreiben Sie bitte Ihre aktuelle Situation. Welche Herausforderungen erleben Sie mit Ihrer derzeitigen JTL Wawi Nutzung? is invalid\"   \/>\n<input type=\"hidden\" name=\"item_meta[52]\" id=\"field_593t7\" value=\"\"  data-sectionid=\"15\" data-reqmsg=\"Dieses Feld darf nicht leer sein.\" aria-required=\"true\" data-invmsg=\"Was ist Ihre gew\u00fcnschte Situation? Welche Ziele oder Ergebnisse hoffen Sie mit unserer Unterst\u00fctzung zu erreichen? is invalid\"   \/>\n<input type=\"hidden\" name=\"item_meta[51]\" id=\"field_b0wmu\" value=\"\"  data-sectionid=\"15\" data-reqmsg=\"Dieses Feld darf nicht leer sein.\" aria-required=\"true\" data-invmsg=\"Was haben Sie bereits unternommen, um diese Herausforderungen zu bew\u00e4ltigen oder diese Ziele zu erreichen? is invalid\"   \/>\n<input type=\"hidden\" name=\"item_meta[24]\" id=\"field_lv9uh\" value=\"\"  data-invmsg=\"Section Buttons is invalid\"   \/>\n<input type=\"hidden\" name=\"item_meta[58]\" id=\"field_boxzv\" value=\"\"  data-invmsg=\"Weiter is invalid\"   \/>\n<input type=\"hidden\" name=\"item_meta[33]\" id=\"field_olwwo\" value=\"\"  data-invmsg=\"Gemeinsam zum Erfolg: Definieren Sie Ihr Budget und weitere Details f\u00fcr Ihr individuelles Projekt is invalid\"   \/>\n<input type=\"hidden\" name=\"item_meta[54]\" id=\"field_gmaub\" value=\"\"  data-sectionid=\"33\" data-invmsg=\"Text ist ung\u00fcltig\"   \/>\n<input type=\"hidden\" name=\"item_meta[55]\" id=\"field_vab76\" value=\"\"  data-sectionid=\"33\" data-invmsg=\"Gibt es noch weitere Informationen, die Sie uns mitteilen m\u00f6chten, die uns helfen k\u00f6nnten, Ihre Anforderungen besser zu verstehen? is invalid\"   \/>\n<input type=\"hidden\" name=\"item_meta[34]\" id=\"field_tycc5\" value=\"\"  data-invmsg=\"Section Buttons is invalid\"   \/>\n\t<input type=\"hidden\" name=\"item_key\" value=\"\" \/>\n\t\t\t\t<div class=\"frm_verify\" aria-hidden=\"true\">\n\t\t\t\t<label for=\"frm_email_2\">\n\t\t\t\t\tIf you are human, leave this field blank.\t\t\t\t<\/label>\n\t\t\t\t<input type=\"text\" class=\"frm_verify\" id=\"frm_email_2\" name=\"frm_verify\" value=\"\"  \/>\n\t\t\t<\/div>\n\t\t<input name=\"frm_state\" type=\"hidden\" value=\"PmN1NYiAf70qdLxuKOG4NYEKWLgRykwVC8x4wmeoxRo=\" \/><div class=\"frm_submit\">\r\n\r\n<button class=\"frm_button_submit\" type=\"submit\"   formnovalidate=\"formnovalidate\">Next<\/button>\r\n\r\n<\/div><\/div>\n<\/fieldset>\n<\/div>\n<input type=\"hidden\" name=\"trp-form-language\" value=\"en\"\/><\/form>\n<\/div>","protected":false},"excerpt":{"rendered":"","protected":false},"author":1,"featured_media":0,"parent":0,"menu_order":0,"comment_status":"closed","ping_status":"closed","template":"","meta":{"inline_featured_image":false,"site-sidebar-layout":"default","site-content-layout":"default","ast-global-header-display":"","ast-banner-title-visibility":"","ast-main-header-display":"","ast-hfb-above-header-display":"","ast-hfb-below-header-display":"","ast-hfb-mobile-header-display":"","site-post-title":"","ast-breadcrumbs-content":"","ast-featured-img":"","footer-sml-layout":"","theme-transparent-header-meta":"","adv-header-id-meta":"","stick-header-meta":"","header-above-stick-meta":"","header-main-stick-meta":"","header-below-stick-meta":""},"yoast_head":"<!-- This site is optimized with the Yoast SEO plugin v20.5 - https:\/\/yoast.com\/wordpress\/plugins\/seo\/ -->\n<title>Projektanfrage - EcommerceOffice<\/title>\n<meta name=\"robots\" content=\"index, follow, max-snippet:-1, max-image-preview:large, max-video-preview:-1\" \/>\n<link rel=\"canonical\" href=\"https:\/\/ecommerce-office.com\/en\/project-inquiry\/\" \/>\n<meta property=\"og:locale\" content=\"en_US\" \/>\n<meta property=\"og:type\" content=\"article\" \/>\n<meta property=\"og:title\" content=\"Projektanfrage - EcommerceOffice\" \/>\n<meta property=\"og:url\" content=\"https:\/\/ecommerce-office.com\/en\/project-inquiry\/\" \/>\n<meta property=\"og:site_name\" content=\"EcommerceOffice\" \/>\n<meta name=\"twitter:card\" content=\"summary_large_image\" \/>\n<script type=\"application\/ld+json\" class=\"yoast-schema-graph\">{\"@context\":\"https:\/\/schema.org\",\"@graph\":[{\"@type\":\"WebPage\",\"@id\":\"https:\/\/ecommerce-office.com\/projektanfrage\/\",\"url\":\"https:\/\/ecommerce-office.com\/projektanfrage\/\",\"name\":\"Projektanfrage - EcommerceOffice\",\"isPartOf\":{\"@id\":\"https:\/\/ecommerce-office.com\/#website\"},\"datePublished\":\"2023-06-01T15:04:27+00:00\",\"dateModified\":\"2023-06-01T15:04:27+00:00\",\"breadcrumb\":{\"@id\":\"https:\/\/ecommerce-office.com\/projektanfrage\/#breadcrumb\"},\"inLanguage\":\"en-US\",\"potentialAction\":[{\"@type\":\"ReadAction\",\"target\":[\"https:\/\/ecommerce-office.com\/projektanfrage\/\"]}]},{\"@type\":\"BreadcrumbList\",\"@id\":\"https:\/\/ecommerce-office.com\/projektanfrage\/#breadcrumb\",\"itemListElement\":[{\"@type\":\"ListItem\",\"position\":1,\"name\":\"Startseite\",\"item\":\"https:\/\/ecommerce-office.com\/\"},{\"@type\":\"ListItem\",\"position\":2,\"name\":\"Projektanfrage\"}]},{\"@type\":\"WebSite\",\"@id\":\"https:\/\/ecommerce-office.com\/#website\",\"url\":\"https:\/\/ecommerce-office.com\/\",\"name\":\"EcommerceOffice\",\"description\":\"\",\"publisher\":{\"@id\":\"https:\/\/ecommerce-office.com\/#organization\"},\"potentialAction\":[{\"@type\":\"SearchAction\",\"target\":{\"@type\":\"EntryPoint\",\"urlTemplate\":\"https:\/\/ecommerce-office.com\/?s={search_term_string}\"},\"query-input\":\"required name=search_term_string\"}],\"inLanguage\":\"en-US\"},{\"@type\":\"Organization\",\"@id\":\"https:\/\/ecommerce-office.com\/#organization\",\"name\":\"EcommerceOffice\",\"url\":\"https:\/\/ecommerce-office.com\/\",\"logo\":{\"@type\":\"ImageObject\",\"inLanguage\":\"en-US\",\"@id\":\"https:\/\/ecommerce-office.com\/#\/schema\/logo\/image\/\",\"url\":\"https:\/\/ecommerce-office.com\/wp-content\/uploads\/2021\/09\/EcommerceOffice_Logo_RGB.png\",\"contentUrl\":\"https:\/\/ecommerce-office.com\/wp-content\/uploads\/2021\/09\/EcommerceOffice_Logo_RGB.png\",\"width\":250,\"height\":35,\"caption\":\"EcommerceOffice\"},\"image\":{\"@id\":\"https:\/\/ecommerce-office.com\/#\/schema\/logo\/image\/\"}}]}<\/script>\n<!-- \/ Yoast SEO plugin. -->","yoast_head_json":{"title":"Projektanfrage - EcommerceOffice","robots":{"index":"index","follow":"follow","max-snippet":"max-snippet:-1","max-image-preview":"max-image-preview:large","max-video-preview":"max-video-preview:-1"},"canonical":"https:\/\/ecommerce-office.com\/en\/project-inquiry\/","og_locale":"en_US","og_type":"article","og_title":"Projektanfrage - EcommerceOffice","og_url":"https:\/\/ecommerce-office.com\/en\/project-inquiry\/","og_site_name":"EcommerceOffice","twitter_card":"summary_large_image","schema":{"@context":"https:\/\/schema.org","@graph":[{"@type":"WebPage","@id":"https:\/\/ecommerce-office.com\/projektanfrage\/","url":"https:\/\/ecommerce-office.com\/projektanfrage\/","name":"Projektanfrage - EcommerceOffice","isPartOf":{"@id":"https:\/\/ecommerce-office.com\/#website"},"datePublished":"2023-06-01T15:04:27+00:00","dateModified":"2023-06-01T15:04:27+00:00","breadcrumb":{"@id":"https:\/\/ecommerce-office.com\/projektanfrage\/#breadcrumb"},"inLanguage":"en-US","potentialAction":[{"@type":"ReadAction","target":["https:\/\/ecommerce-office.com\/projektanfrage\/"]}]},{"@type":"BreadcrumbList","@id":"https:\/\/ecommerce-office.com\/projektanfrage\/#breadcrumb","itemListElement":[{"@type":"ListItem","position":1,"name":"Startseite","item":"https:\/\/ecommerce-office.com\/"},{"@type":"ListItem","position":2,"name":"Projektanfrage"}]},{"@type":"WebSite","@id":"https:\/\/ecommerce-office.com\/#website","url":"https:\/\/ecommerce-office.com\/","name":"EcommerceOffice","description":"","publisher":{"@id":"https:\/\/ecommerce-office.com\/#organization"},"potentialAction":[{"@type":"SearchAction","target":{"@type":"EntryPoint","urlTemplate":"https:\/\/ecommerce-office.com\/?s={search_term_string}"},"query-input":"required name=search_term_string"}],"inLanguage":"en-US"},{"@type":"Organization","@id":"https:\/\/ecommerce-office.com\/#organization","name":"EcommerceOffice","url":"https:\/\/ecommerce-office.com\/","logo":{"@type":"ImageObject","inLanguage":"en-US","@id":"https:\/\/ecommerce-office.com\/#\/schema\/logo\/image\/","url":"https:\/\/ecommerce-office.com\/wp-content\/uploads\/2021\/09\/EcommerceOffice_Logo_RGB.png","contentUrl":"https:\/\/ecommerce-office.com\/wp-content\/uploads\/2021\/09\/EcommerceOffice_Logo_RGB.png","width":250,"height":35,"caption":"EcommerceOffice"},"image":{"@id":"https:\/\/ecommerce-office.com\/#\/schema\/logo\/image\/"}}]}},"_links":{"self":[{"href":"https:\/\/ecommerce-office.com\/en\/wp-json\/wp\/v2\/pages\/2107"}],"collection":[{"href":"https:\/\/ecommerce-office.com\/en\/wp-json\/wp\/v2\/pages"}],"about":[{"href":"https:\/\/ecommerce-office.com\/en\/wp-json\/wp\/v2\/types\/page"}],"author":[{"embeddable":true,"href":"https:\/\/ecommerce-office.com\/en\/wp-json\/wp\/v2\/users\/1"}],"replies":[{"embeddable":true,"href":"https:\/\/ecommerce-office.com\/en\/wp-json\/wp\/v2\/comments?post=2107"}],"version-history":[{"count":1,"href":"https:\/\/ecommerce-office.com\/en\/wp-json\/wp\/v2\/pages\/2107\/revisions"}],"predecessor-version":[{"id":2108,"href":"https:\/\/ecommerce-office.com\/en\/wp-json\/wp\/v2\/pages\/2107\/revisions\/2108"}],"wp:attachment":[{"href":"https:\/\/ecommerce-office.com\/en\/wp-json\/wp\/v2\/media?parent=2107"}],"curies":[{"name":"wp","href":"https:\/\/api.w.org\/{rel}","templated":true}]}}